{"id":6,"date":"2026-02-09T15:00:50","date_gmt":"2026-02-09T15:00:50","guid":{"rendered":"https:\/\/marinebay.mu\/?page_id=6"},"modified":"2026-02-18T10:35:13","modified_gmt":"2026-02-18T10:35:13","slug":"marinebay-appartement-de-prestige-a-lile-maurice-pointe-aux-cannoniers-grand-baie","status":"publish","type":"page","link":"https:\/\/marinebay.mu\/","title":{"rendered":"MarineBay   Appartement de prestige \u00e0 Louer sur l&rsquo;\u00eele Maurice-Pointe aux Cannoniers (Grand Baie)"},"content":{"rendered":"\n<figure class=\"wp-block-image size-large\"><img loading=\"lazy\" decoding=\"async\" width=\"1024\" height=\"768\" src=\"https:\/\/marinebay.mu\/wp-content\/uploads\/2026\/02\/9a565de3-9226-4c97-98f0-33a190476a67-1-1024x768.jpeg\" alt=\"\" class=\"wp-image-108\" srcset=\"https:\/\/marinebay.mu\/wp-content\/uploads\/2026\/02\/9a565de3-9226-4c97-98f0-33a190476a67-1-1024x768.jpeg 1024w, https:\/\/marinebay.mu\/wp-content\/uploads\/2026\/02\/9a565de3-9226-4c97-98f0-33a190476a67-1-300x225.jpeg 300w, https:\/\/marinebay.mu\/wp-content\/uploads\/2026\/02\/9a565de3-9226-4c97-98f0-33a190476a67-1-768x576.jpeg 768w, https:\/\/marinebay.mu\/wp-content\/uploads\/2026\/02\/9a565de3-9226-4c97-98f0-33a190476a67-1.jpeg 1280w\" sizes=\"auto, (max-width: 1024px) 100vw, 1024px\" \/><\/figure>\n\n\n\n<blockquote class=\"wp-block-quote is-layout-flow wp-block-quote-is-layout-flow\">\n<p>MarineBay est un appartement de prestige situ\u00e9 \u00e0 l\u2019\u00eele Maurice, offrant un cadre \u00e9l\u00e9gant, lumineux et apaisant. Pens\u00e9 pour un s\u00e9jour d\u2019exception haut de gamme, il conjugue confort, emplacement privil\u00e9gi\u00e9 et art de vivre tropical.<\/p>\n<\/blockquote>\n\n\n\n<p>Sobri\u00e9t\u00e9, luxe, cr\u00e9dibilit\u00e9.<\/p>\n\n\n\n<ul class=\"wp-block-list\">\n<li>Appartement de standing \u00e0 l\u2019\u00eele Maurice<\/li>\n\n\n\n<li>Emplacement privil\u00e9gi\u00e9 \u00e0 proximit\u00e9 de la plage<\/li>\n\n\n\n<li>Architecture \u00e9l\u00e9gante et prestations premium<\/li>\n\n\n\n<li>Id\u00e9al pour passer un sejour pr\u00e8s de toutes les commodit\u00e9s<\/li>\n<\/ul>\n\n\n\n<div class=\"wp-block-buttons is-layout-flex wp-block-buttons-is-layout-flex\">\n<div class=\"wp-block-button has-custom-width wp-block-button__width-75 is-style-fill\"><a class=\"wp-block-button__link has-background wp-element-button\" href=\"https:\/\/marinebay.mu\/index.php\/accueil\/\" style=\"background-color:#3b7fa8\">D\u00e9couvrir l&rsquo;appartement<\/a><\/div>\n<\/div>\n\n\n\n<h2 class=\"wp-block-heading\">Prestations &amp; atouts<\/h2>\n\n\n\n<ul class=\"wp-block-list\">\n<li>Cadre s\u00e9curis\u00e9 et environnement calme<\/li>\n<\/ul>\n\n\n\n<ul class=\"wp-block-list\">\n<li>100m de la plage<\/li>\n<\/ul>\n\n\n\n<ul class=\"wp-block-list\">\n<li>Piscine 100M2<\/li>\n<\/ul>\n\n\n\n<ul class=\"wp-block-list\">\n<li>Bars,restaurants &amp; commerces \u00e0 5 minutes<\/li>\n<\/ul>\n\n\n\n<ul class=\"wp-block-list\">\n<li>Plage de Mont Choisy \u00e0 5 minutes<\/li>\n<\/ul>\n\n\n\n<ul class=\"wp-block-list\">\n<li>3 Chambres en suite<\/li>\n<\/ul>\n\n\n\n<ul class=\"wp-block-list\">\n<li>Grande terrasse<\/li>\n<\/ul>\n\n\n\n<div class=\"wp-block-buttons is-layout-flex wp-block-buttons-is-layout-flex\">\n<div class=\"wp-block-button has-custom-width wp-block-button__width-75\"><a class=\"wp-block-button__link has-background wp-element-button\" href=\"https:\/\/marinebay.mu\/index.php\/contact\/\" style=\"background-color:#3b7fa8\">Nous contacter<\/a><\/div>\n<\/div>\n\n\n\n<p><\/p>\n","protected":false},"excerpt":{"rendered":"<p>MarineBay est un appartement de prestige situ\u00e9 \u00e0 l\u2019\u00eele Maurice, offrant un cadre \u00e9l\u00e9gant, lumineux et apaisant. Pens\u00e9 pour un s\u00e9jour d\u2019exception haut de gamme, il conjugue confort, emplacement privil\u00e9gi\u00e9 et art de vivre tropical. Sobri\u00e9t\u00e9, luxe, cr\u00e9dibilit\u00e9. Prestations &amp; atouts<\/p>\n","protected":false},"author":1,"featured_media":8,"parent":0,"menu_order":0,"comment_status":"closed","ping_status":"closed","template":"","meta":{"footnotes":""},"class_list":["post-6","page","type-page","status-publish","has-post-thumbnail","hentry"],"_links":{"self":[{"href":"https:\/\/marinebay.mu\/index.php\/wp-json\/wp\/v2\/pages\/6","targetHints":{"allow":["GET"]}}],"collection":[{"href":"https:\/\/marinebay.mu\/index.php\/wp-json\/wp\/v2\/pages"}],"about":[{"href":"https:\/\/marinebay.mu\/index.php\/wp-json\/wp\/v2\/types\/page"}],"author":[{"embeddable":true,"href":"https:\/\/marinebay.mu\/index.php\/wp-json\/wp\/v2\/users\/1"}],"replies":[{"embeddable":true,"href":"https:\/\/marinebay.mu\/index.php\/wp-json\/wp\/v2\/comments?post=6"}],"version-history":[{"count":8,"href":"https:\/\/marinebay.mu\/index.php\/wp-json\/wp\/v2\/pages\/6\/revisions"}],"predecessor-version":[{"id":166,"href":"https:\/\/marinebay.mu\/index.php\/wp-json\/wp\/v2\/pages\/6\/revisions\/166"}],"wp:featuredmedia":[{"embeddable":true,"href":"https:\/\/marinebay.mu\/index.php\/wp-json\/wp\/v2\/media\/8"}],"wp:attachment":[{"href":"https:\/\/marinebay.mu\/index.php\/wp-json\/wp\/v2\/media?parent=6"}],"curies":[{"name":"wp","href":"https:\/\/api.w.org\/{rel}","templated":true}]}}